{"id":1703,"date":"2020-03-02T10:42:03","date_gmt":"2020-03-02T10:42:03","guid":{"rendered":"https:\/\/klippan.berndtssons.xn--fretagspresentation-q6b.nu\/?page_id=1703"},"modified":"2026-02-26T17:52:45","modified_gmt":"2026-02-26T16:52:45","slug":"personbil-b","status":"publish","type":"page","link":"https:\/\/berndtssons.nu\/klippan\/utbildningar\/personbil-b\/","title":{"rendered":"Personbil &#8211; B"},"content":{"rendered":"\n<h1>\n\t\t\tPersonbil &#8211; B\t<\/h1>\n<p><strong>V\u00e4lkommen att ta ditt k\u00f6rkort hos oss, vare sig du vill ta f\u00f6r manuellt v\u00e4xlad eller automatv\u00e4xlad bil! H\u00e4r blir Du alltid v\u00e4l omh\u00e4ndertagen och f\u00e5r en professionell utbildning som vi skr\u00e4ddarsyr utifr\u00e5n Dina f\u00f6ruts\u00e4ttningar f\u00f6r att den ska bli s\u00e5 effektiv som m\u00f6jligt.<\/strong><\/p>\n<p><strong>Vi erbjuder Dig en dokumenterad plan samt en kostnadsber\u00e4kning \u00f6ver din utbildning.<\/strong><\/p>\n<h2>F\u00f6lj dessa enkla steg till ditt k\u00f6rkort:<\/h2>\n<h3>1. K\u00f6rkortstillst\u00e5nd<\/h3>\n<p>F\u00f6r att kunna b\u00f6rja \u00f6vningsk\u00f6ra och p\u00e5b\u00f6rja din utbildning m\u00e5ste du f\u00f6rst\u00a0<a href=\"https:\/\/www.transportstyrelsen.se\/sv\/vagtrafik\/e-tjanster-och-blanketter\/e-tjanster-inom-vagtrafik\/?tab=korkort&amp;eservice=korkortstillstand(grupp1)-ansok\">ans\u00f6ka om k\u00f6rkortstillst\u00e5nd<\/a>. H\u00f6r av dig till oss s\u00e5 hj\u00e4lper vi dig med syntest som kr\u00e4vs.<\/p>\n<h3>2. \u00d6vningsk\u00f6rning &amp; handledarutbildning<\/h3>\n<p>Om du t\u00e4nker \u00f6vningsk\u00f6ra privat, m\u00e5ste du och din handledare g\u00e5 en\u00a0<a href=\"https:\/\/berndtssons.nu\/klippan\/e-handel\/\">handledarutbildning<\/a>.<\/p>\n<h3>3. Information\/Inskrivning<\/h3>\nV\u00e4lkommen till oss i receptionen, vi informerar dig om hur din personliga k\u00f6rkortsutbildning g\u00e5r till.<br \/>\nH\u00e4r f\u00e5r du reda p\u00e5 allt du beh\u00f6ver f\u00f6r att f\u00e5 en effektiv utbildning. Sj\u00e4lvklart \u00e4r dina handledare ocks\u00e5 v\u00e4lkomna.\n<h3>4. Teori- och k\u00f6rutbildning<\/h3>\n<p><strong>Teoriutbildning<\/strong><\/p>\n<p>I appen<a href=\"https:\/\/korkort.nu\/kom-igang-med-korkortsboken\/\"> <em>K\u00f6rkortsboken<\/em><\/a> finns allt du beh\u00f6ver f\u00f6r att kunna bli en trafiks\u00e4ker och milj\u00f6medveten f\u00f6rare.<\/p>\n<ul>\n<li>Vi varvar fakta och teori med bilder och illustrationer f\u00f6r att du enkelt ska se och f\u00f6rst\u00e5 det du l\u00e4ser. Du kan ocks\u00e5 v\u00e4lja sj\u00e4lv hur du vill plugga &#8211; genom att l\u00e4sa, \u00f6va eller svara p\u00e5 fr\u00e5gor.<\/li>\n<li>Till varje kapitel finns det olika \u00f6vningar, filmer och fr\u00e5gor d\u00e4r du kan v\u00e4lja fritt vilken del du vill b\u00f6rja med. Allt eftersom du f\u00f6rv\u00e4rvar ny kunskap s\u00e5 kan du f\u00f6lja din utveckling under delen &#8220;framsteg&#8221;.<\/li>\n<li>I appen kan du ocks\u00e5 s\u00e4tta ihop egna test av de delar du vill testa dig p\u00e5, eller l\u00e5ta systemet slumpa fr\u00e5gor f\u00f6r att likna Trafikverkets prov.<\/li>\n<\/ul>\n<p>Appen och dess inneh\u00e5ll \u00e4r framtagen och kvalitetss\u00e4krad av STR Service AB f\u00f6r att du ska vara s\u00e4ker p\u00e5 att l\u00e4ra dig &#8220;allt&#8221;. <em><a href=\"https:\/\/berndtssons.nu\/klippan\/utbildningar\/digitalt-material\/\">L\u00e4s mer<\/a><\/em><\/p>\n<p><em><strong>Du k\u00f6per tillg\u00e5ng till teorin i TRE, SEX eller TOLV m\u00e5nader, genom att f\u00f6lja l\u00e4nken du f\u00e5r av oss n\u00e4r du k\u00f6per startpaketet.<\/strong><\/em><\/p>\nI din dator\/mobil\/surfplatta har du alltid full koll p\u00e5 var du befinner dig i din utbildning, och kan enkelt f\u00f6rbereda dig inf\u00f6r n\u00e4sta steg. Vi har dessutom 4 l\u00e4rarledda teorilektioner, en fordonslektion d\u00e4r vi g\u00e5r igenom allt om bilen samt en repetitionslektion som f\u00f6rbereder dig inf\u00f6r teoriprovet p\u00e5 Trafikverket. V\u00e5r duktiga receptionist\u00a0finns alltid till din hj\u00e4lp under v\u00e5ra \u00f6ppetider.<br \/>\nF\u00f6r dig med l\u00e4s- och skrivsv\u00e5righeter kan vi erbjuda speciellt anpassad utbildning och individuella teorilektioner. Vi har h\u00f6g kompetens och stor erfarenhet inom detta omr\u00e5de.\n<strong>K\u00f6rutbildning<\/strong><br \/>\nK\u00f6rutbildningen \u00e4r uppdelad i flera olika moment. B\u00f6rja med din k\u00f6rkortsutbildning p\u00e5 trafikskola s\u00e5 tidigt som m\u00f6jligt, s\u00e5 att vi tillsammans kan \u00f6va in de viktigaste grundmomenten. Har du en privat handledare ser vi g\u00e4rna att han\/hon f\u00f6ljer med vid n\u00e5gon eller n\u00e5gra k\u00f6rlektioner s\u00e5 att ni l\u00e4ttare kan tr\u00e4na p\u00e5 r\u00e4tt s\u00e4tt hemma. Med detta uppl\u00e4gg kan du minska din totalkostnad och snabbare n\u00e5 ditt m\u00e5l.<br \/>\nVi k\u00f6r med l\u00e4ttk\u00f6rda Golf \u00e5rsmodell 2023 som drivs av biogas som minskar v\u00e5ra koldioxidutsl\u00e4pp med ca 90% samt inte sl\u00e4pper ut n\u00e5gra farliga \u00e4mnen. Du som tar k\u00f6rkort f\u00f6r automat k\u00f6r v\u00e5r nya elbil &#8211; Volkswagen ID3 &#8211; Du kommer att \u00e4lska att k\u00f6ra den och den \u00e4r helt utsl\u00e4ppsfri!\n<p><em>F\u00f6r dig som k\u00f6r upp under november-februari \u00e4r en lektion i m\u00f6rkerk\u00f6rning obligatorisk.<\/em><\/p>\n<h3>5. Riskutbildning 1 och 2<\/h3>\n<p>Riskutbildning 1- (alkohol, droger, tr\u00f6tthet och riskfyllda beteenden) sker p\u00e5 trafikskolan, och denna kan du boka in hos oss tidigt i din utbildning,<\/p>\nRiskutbildning 2- (halkutbildning) ska g\u00f6ras i slutet av din utbildning. Din l\u00e4rare kommer att planera in denna med dig. Vi k\u00f6r tillsammans till halkbanan d\u00e4r du f\u00e5r \u00f6va hastighet, s\u00e4kerhet och k\u00f6rning under s\u00e4rskilda f\u00f6rh\u00e5llanden.<br \/>\nRiskutbildningen m\u00e5ste vara genomf\u00f6rd och godk\u00e4nd innan du f\u00e5r genomf\u00f6ra f\u00f6rarproven p\u00e5 Trafikverket.\n<h3>6. Kunskapsprov och k\u00f6rprov<\/h3>\n<p>Kunskapsprov och k\u00f6rprov bokar vi hos Trafikverket till dig enl \u00f6verenskommelse. Du m\u00e5ste f\u00f6rst vara godk\u00e4nd p\u00e5 kunskapsprovet f\u00f6r att f\u00e5 g\u00f6ra k\u00f6rprovet.<\/p>\n<h3>Intensivutbildning<\/h3>\n<p>Passar dig som har goda f\u00f6rkunskaper och som under dagtid kan \u00e4gna dig helt \u00e5t k\u00f6rkortsutbildning under minst tv\u00e5 veckor.\u00a0Vi har m\u00e5ng\u00e5rig erfarenhet av denna utbildning med mycket goda resultat. \u00a0<a href=\"https:\/\/berndtssons.nu\/klippan\/utbildningar\/intensivutbildning\/\">L\u00e4s mer<\/a><\/p>\n<h3>Tips<\/h3>\n<p><a href=\"http:\/\/www.korkort.nu\/\">S\u00e5 h\u00e4r\u00a0<\/a>utbildar du dig s\u00e5 effektivt som m\u00f6jligt!<\/p>\n<h3>Alkotest<\/h3>\n<p>Vi anv\u00e4nder alkotest vid varje k\u00f6rlektion. I h\u00e4ndelse av att alkohol i utandningsluften detekteras, st\u00e4lls lektionen in och full lektionsavgift tas ut.<\/p>\n<figure itemscope itemtype=\"https:\/\/schema.org\/ImageObject\">\n\t\t\t\t<img decoding=\"async\" src=\"https:\/\/berndtssons.nu\/klippan\/wp-content\/uploads\/sites\/3\/2020\/03\/bil-7-2w.jpg\" alt=\"bil-7--2w\" height=\"499\" width=\"709\" title=\"bil-7--2w\" onerror=\"this.style.display='none'\" loading=\"lazy\" \/>\n\t<\/figure>\n\t\t\t<a href=\"\/klippan\/utbildningar\/elevanmalan\/\"  target=\"_self\">\n\t\t\t\t\t\t\tAnm\u00e4l dig h\u00e4r\n\t\t\t\t\t<\/a>\n\n","protected":false},"excerpt":{"rendered":"<p>Personbil &#8211; B V\u00e4lkommen att ta ditt k\u00f6rkort hos oss, vare sig du vill ta f\u00f6r manuellt v\u00e4xlad eller automatv\u00e4xlad bil! H\u00e4r blir Du alltid v\u00e4l omh\u00e4ndertagen och f\u00e5r en professionell utbildning som vi skr\u00e4ddarsyr utifr\u00e5n Dina f\u00f6ruts\u00e4ttningar f\u00f6r att den ska bli s\u00e5 effektiv som m\u00f6jligt. Vi erbjuder Dig en dokumenterad plan samt en&hellip;<\/p>\n","protected":false},"author":2,"featured_media":0,"parent":1701,"menu_order":0,"comment_status":"closed","ping_status":"closed","template":"","meta":{"footnotes":""},"class_list":["post-1703","page","type-page","status-publish","hentry"],"yoast_head":"<!-- This site is optimized with the Yoast SEO plugin v27.4 - https:\/\/yoast.com\/product\/yoast-seo-wordpress\/ -->\n<title>Personbil - B - Berndtssons Trafikskola i Klippan<\/title>\n<meta name=\"description\" content=\"Personbil B. F\u00f6lj de h\u00e4r enkla stegen f\u00f6r att ta k\u00f6rkort f\u00f6r manuellt v\u00e4xlad eller automatv\u00e4xlad bil. Du blir alltid v\u00e4l omh\u00e4ndertagen.\" \/>\n<meta name=\"robots\" content=\"index, follow, max-snippet:-1, max-image-preview:large, max-video-preview:-1\" \/>\n<link rel=\"canonical\" href=\"https:\/\/berndtssons.nu\/klippan\/utbildningar\/personbil-b\/\" \/>\n<meta property=\"og:locale\" content=\"sv_SE\" \/>\n<meta property=\"og:type\" content=\"article\" \/>\n<meta property=\"og:title\" content=\"Personbil - B - Berndtssons Trafikskola i Klippan\" \/>\n<meta property=\"og:description\" content=\"Personbil B. F\u00f6lj de h\u00e4r enkla stegen f\u00f6r att ta k\u00f6rkort f\u00f6r manuellt v\u00e4xlad eller automatv\u00e4xlad bil. Du blir alltid v\u00e4l omh\u00e4ndertagen.\" \/>\n<meta property=\"og:url\" content=\"https:\/\/berndtssons.nu\/klippan\/utbildningar\/personbil-b\/\" \/>\n<meta property=\"og:site_name\" content=\"Berndtssons Trafikskola i Klippan\" \/>\n<meta property=\"article:modified_time\" content=\"2026-02-26T16:52:45+00:00\" \/>\n<meta property=\"og:image\" content=\"https:\/\/berndtssons.nu\/klippan\/wp-content\/uploads\/sites\/3\/2020\/03\/bil-7-2w.jpg\" \/>\n<meta name=\"twitter:card\" content=\"summary_large_image\" \/>\n<meta name=\"twitter:label1\" content=\"Ber\u00e4knad l\u00e4stid\" \/>\n\t<meta name=\"twitter:data1\" content=\"4 minuter\" \/>\n<script type=\"application\/ld+json\" class=\"yoast-schema-graph\">{\"@context\":\"https:\\\/\\\/schema.org\",\"@graph\":[{\"@type\":\"WebPage\",\"@id\":\"https:\\\/\\\/berndtssons.nu\\\/klippan\\\/utbildningar\\\/personbil-b\\\/\",\"url\":\"https:\\\/\\\/berndtssons.nu\\\/klippan\\\/utbildningar\\\/personbil-b\\\/\",\"name\":\"Personbil - B - Berndtssons Trafikskola i Klippan\",\"isPartOf\":{\"@id\":\"https:\\\/\\\/berndtssons.nu\\\/klippan\\\/#website\"},\"primaryImageOfPage\":{\"@id\":\"https:\\\/\\\/berndtssons.nu\\\/klippan\\\/utbildningar\\\/personbil-b\\\/#primaryimage\"},\"image\":{\"@id\":\"https:\\\/\\\/berndtssons.nu\\\/klippan\\\/utbildningar\\\/personbil-b\\\/#primaryimage\"},\"thumbnailUrl\":\"https:\\\/\\\/berndtssons.nu\\\/klippan\\\/wp-content\\\/uploads\\\/sites\\\/3\\\/2020\\\/03\\\/bil-7-2w.jpg\",\"datePublished\":\"2020-03-02T10:42:03+00:00\",\"dateModified\":\"2026-02-26T16:52:45+00:00\",\"description\":\"Personbil B. F\u00f6lj de h\u00e4r enkla stegen f\u00f6r att ta k\u00f6rkort f\u00f6r manuellt v\u00e4xlad eller automatv\u00e4xlad bil. Du blir alltid v\u00e4l omh\u00e4ndertagen.\",\"breadcrumb\":{\"@id\":\"https:\\\/\\\/berndtssons.nu\\\/klippan\\\/utbildningar\\\/personbil-b\\\/#breadcrumb\"},\"inLanguage\":\"sv-SE\",\"potentialAction\":[{\"@type\":\"ReadAction\",\"target\":[\"https:\\\/\\\/berndtssons.nu\\\/klippan\\\/utbildningar\\\/personbil-b\\\/\"]}]},{\"@type\":\"ImageObject\",\"inLanguage\":\"sv-SE\",\"@id\":\"https:\\\/\\\/berndtssons.nu\\\/klippan\\\/utbildningar\\\/personbil-b\\\/#primaryimage\",\"url\":\"https:\\\/\\\/berndtssons.nu\\\/klippan\\\/wp-content\\\/uploads\\\/sites\\\/3\\\/2020\\\/03\\\/bil-7-2w.jpg\",\"contentUrl\":\"https:\\\/\\\/berndtssons.nu\\\/klippan\\\/wp-content\\\/uploads\\\/sites\\\/3\\\/2020\\\/03\\\/bil-7-2w.jpg\",\"width\":709,\"height\":499},{\"@type\":\"BreadcrumbList\",\"@id\":\"https:\\\/\\\/berndtssons.nu\\\/klippan\\\/utbildningar\\\/personbil-b\\\/#breadcrumb\",\"itemListElement\":[{\"@type\":\"ListItem\",\"position\":1,\"name\":\"Hem\",\"item\":\"https:\\\/\\\/berndtssons.nu\\\/klippan\\\/\"},{\"@type\":\"ListItem\",\"position\":2,\"name\":\"Utbildningar\",\"item\":\"https:\\\/\\\/berndtssons.nu\\\/klippan\\\/utbildningar\\\/\"},{\"@type\":\"ListItem\",\"position\":3,\"name\":\"Personbil &#8211; B\"}]},{\"@type\":\"WebSite\",\"@id\":\"https:\\\/\\\/berndtssons.nu\\\/klippan\\\/#website\",\"url\":\"https:\\\/\\\/berndtssons.nu\\\/klippan\\\/\",\"name\":\"Berndtssons Trafikskola i Klippan\",\"description\":\"Ta k\u00f6rkort med oss\",\"publisher\":{\"@id\":\"https:\\\/\\\/berndtssons.nu\\\/klippan\\\/#organization\"},\"potentialAction\":[{\"@type\":\"SearchAction\",\"target\":{\"@type\":\"EntryPoint\",\"urlTemplate\":\"https:\\\/\\\/berndtssons.nu\\\/klippan\\\/?s={search_term_string}\"},\"query-input\":{\"@type\":\"PropertyValueSpecification\",\"valueRequired\":true,\"valueName\":\"search_term_string\"}}],\"inLanguage\":\"sv-SE\"},{\"@type\":\"Organization\",\"@id\":\"https:\\\/\\\/berndtssons.nu\\\/klippan\\\/#organization\",\"name\":\"Berndtssons Trafikskola i Klippan\",\"url\":\"https:\\\/\\\/berndtssons.nu\\\/klippan\\\/\",\"logo\":{\"@type\":\"ImageObject\",\"inLanguage\":\"sv-SE\",\"@id\":\"https:\\\/\\\/berndtssons.nu\\\/klippan\\\/#\\\/schema\\\/logo\\\/image\\\/\",\"url\":\"https:\\\/\\\/berndtssons.nu\\\/klippan\\\/wp-content\\\/uploads\\\/sites\\\/3\\\/2020\\\/03\\\/lovet.png\",\"contentUrl\":\"https:\\\/\\\/berndtssons.nu\\\/klippan\\\/wp-content\\\/uploads\\\/sites\\\/3\\\/2020\\\/03\\\/lovet.png\",\"width\":276,\"height\":442,\"caption\":\"Berndtssons Trafikskola i Klippan\"},\"image\":{\"@id\":\"https:\\\/\\\/berndtssons.nu\\\/klippan\\\/#\\\/schema\\\/logo\\\/image\\\/\"}}]}<\/script>\n<!-- \/ Yoast SEO plugin. -->","yoast_head_json":{"title":"Personbil - B - Berndtssons Trafikskola i Klippan","description":"Personbil B. F\u00f6lj de h\u00e4r enkla stegen f\u00f6r att ta k\u00f6rkort f\u00f6r manuellt v\u00e4xlad eller automatv\u00e4xlad bil. Du blir alltid v\u00e4l omh\u00e4ndertagen.","robots":{"index":"index","follow":"follow","max-snippet":"max-snippet:-1","max-image-preview":"max-image-preview:large","max-video-preview":"max-video-preview:-1"},"canonical":"https:\/\/berndtssons.nu\/klippan\/utbildningar\/personbil-b\/","og_locale":"sv_SE","og_type":"article","og_title":"Personbil - B - Berndtssons Trafikskola i Klippan","og_description":"Personbil B. F\u00f6lj de h\u00e4r enkla stegen f\u00f6r att ta k\u00f6rkort f\u00f6r manuellt v\u00e4xlad eller automatv\u00e4xlad bil. Du blir alltid v\u00e4l omh\u00e4ndertagen.","og_url":"https:\/\/berndtssons.nu\/klippan\/utbildningar\/personbil-b\/","og_site_name":"Berndtssons Trafikskola i Klippan","article_modified_time":"2026-02-26T16:52:45+00:00","og_image":[{"url":"https:\/\/berndtssons.nu\/klippan\/wp-content\/uploads\/sites\/3\/2020\/03\/bil-7-2w.jpg","type":"","width":"","height":""}],"twitter_card":"summary_large_image","twitter_misc":{"Ber\u00e4knad l\u00e4stid":"4 minuter"},"schema":{"@context":"https:\/\/schema.org","@graph":[{"@type":"WebPage","@id":"https:\/\/berndtssons.nu\/klippan\/utbildningar\/personbil-b\/","url":"https:\/\/berndtssons.nu\/klippan\/utbildningar\/personbil-b\/","name":"Personbil - B - Berndtssons Trafikskola i Klippan","isPartOf":{"@id":"https:\/\/berndtssons.nu\/klippan\/#website"},"primaryImageOfPage":{"@id":"https:\/\/berndtssons.nu\/klippan\/utbildningar\/personbil-b\/#primaryimage"},"image":{"@id":"https:\/\/berndtssons.nu\/klippan\/utbildningar\/personbil-b\/#primaryimage"},"thumbnailUrl":"https:\/\/berndtssons.nu\/klippan\/wp-content\/uploads\/sites\/3\/2020\/03\/bil-7-2w.jpg","datePublished":"2020-03-02T10:42:03+00:00","dateModified":"2026-02-26T16:52:45+00:00","description":"Personbil B. F\u00f6lj de h\u00e4r enkla stegen f\u00f6r att ta k\u00f6rkort f\u00f6r manuellt v\u00e4xlad eller automatv\u00e4xlad bil. Du blir alltid v\u00e4l omh\u00e4ndertagen.","breadcrumb":{"@id":"https:\/\/berndtssons.nu\/klippan\/utbildningar\/personbil-b\/#breadcrumb"},"inLanguage":"sv-SE","potentialAction":[{"@type":"ReadAction","target":["https:\/\/berndtssons.nu\/klippan\/utbildningar\/personbil-b\/"]}]},{"@type":"ImageObject","inLanguage":"sv-SE","@id":"https:\/\/berndtssons.nu\/klippan\/utbildningar\/personbil-b\/#primaryimage","url":"https:\/\/berndtssons.nu\/klippan\/wp-content\/uploads\/sites\/3\/2020\/03\/bil-7-2w.jpg","contentUrl":"https:\/\/berndtssons.nu\/klippan\/wp-content\/uploads\/sites\/3\/2020\/03\/bil-7-2w.jpg","width":709,"height":499},{"@type":"BreadcrumbList","@id":"https:\/\/berndtssons.nu\/klippan\/utbildningar\/personbil-b\/#breadcrumb","itemListElement":[{"@type":"ListItem","position":1,"name":"Hem","item":"https:\/\/berndtssons.nu\/klippan\/"},{"@type":"ListItem","position":2,"name":"Utbildningar","item":"https:\/\/berndtssons.nu\/klippan\/utbildningar\/"},{"@type":"ListItem","position":3,"name":"Personbil &#8211; B"}]},{"@type":"WebSite","@id":"https:\/\/berndtssons.nu\/klippan\/#website","url":"https:\/\/berndtssons.nu\/klippan\/","name":"Berndtssons Trafikskola i Klippan","description":"Ta k\u00f6rkort med oss","publisher":{"@id":"https:\/\/berndtssons.nu\/klippan\/#organization"},"potentialAction":[{"@type":"SearchAction","target":{"@type":"EntryPoint","urlTemplate":"https:\/\/berndtssons.nu\/klippan\/?s={search_term_string}"},"query-input":{"@type":"PropertyValueSpecification","valueRequired":true,"valueName":"search_term_string"}}],"inLanguage":"sv-SE"},{"@type":"Organization","@id":"https:\/\/berndtssons.nu\/klippan\/#organization","name":"Berndtssons Trafikskola i Klippan","url":"https:\/\/berndtssons.nu\/klippan\/","logo":{"@type":"ImageObject","inLanguage":"sv-SE","@id":"https:\/\/berndtssons.nu\/klippan\/#\/schema\/logo\/image\/","url":"https:\/\/berndtssons.nu\/klippan\/wp-content\/uploads\/sites\/3\/2020\/03\/lovet.png","contentUrl":"https:\/\/berndtssons.nu\/klippan\/wp-content\/uploads\/sites\/3\/2020\/03\/lovet.png","width":276,"height":442,"caption":"Berndtssons Trafikskola i Klippan"},"image":{"@id":"https:\/\/berndtssons.nu\/klippan\/#\/schema\/logo\/image\/"}}]}},"_links":{"self":[{"href":"https:\/\/berndtssons.nu\/klippan\/wp-json\/wp\/v2\/pages\/1703","targetHints":{"allow":["GET"]}}],"collection":[{"href":"https:\/\/berndtssons.nu\/klippan\/wp-json\/wp\/v2\/pages"}],"about":[{"href":"https:\/\/berndtssons.nu\/klippan\/wp-json\/wp\/v2\/types\/page"}],"author":[{"embeddable":true,"href":"https:\/\/berndtssons.nu\/klippan\/wp-json\/wp\/v2\/users\/2"}],"replies":[{"embeddable":true,"href":"https:\/\/berndtssons.nu\/klippan\/wp-json\/wp\/v2\/comments?post=1703"}],"version-history":[{"count":11,"href":"https:\/\/berndtssons.nu\/klippan\/wp-json\/wp\/v2\/pages\/1703\/revisions"}],"predecessor-version":[{"id":3266,"href":"https:\/\/berndtssons.nu\/klippan\/wp-json\/wp\/v2\/pages\/1703\/revisions\/3266"}],"up":[{"embeddable":true,"href":"https:\/\/berndtssons.nu\/klippan\/wp-json\/wp\/v2\/pages\/1701"}],"wp:attachment":[{"href":"https:\/\/berndtssons.nu\/klippan\/wp-json\/wp\/v2\/media?parent=1703"}],"curies":[{"name":"wp","href":"https:\/\/api.w.org\/{rel}","templated":true}]}}